{"id":51,"date":"2020-12-08T17:59:42","date_gmt":"2020-12-08T17:59:42","guid":{"rendered":"https:\/\/iedelsilencio.edu.co\/start\/escuela-de-familia\/"},"modified":"2025-11-25T20:46:55","modified_gmt":"2025-11-26T01:46:55","slug":"escuela-de-familia","status":"publish","type":"page","link":"https:\/\/iedelsilencio.edu.co\/start\/escuela-de-familia\/","title":{"rendered":"Escuela de Familia"},"content":{"rendered":"\n<p>La escuela tambi\u00e9n convoca a las familias para capacitarlas y formarlas, enriqueciendo las relaciones en el hogar para que la educaci\u00f3n integral de los estudiantes se haga evidente d\u00eda a d\u00eda. Aqu\u00ed encontrar\u00e1s formas de compartir, disfrutar y aprender en familia.<\/p>\n\n\n\n<hr class=\"wp-block-separator has-alpha-channel-opacity \\&quot;wp-block-separator\"\/>\n\n\n\n<h3 class=\"has-text-align-center wp-block-heading\"><a href=\"https:\/\/emojiscavengerhunt.withgoogle.com\/\" target=\"_blank\" rel=\"noreferrer noopener\">Emoji Scavenger Hunt<\/a><\/h3>\n\n\n\n<div class=\"wp-block-media-text alignwide is-stacked-on-mobile \\&quot;wp-block-media-text\"><figure class=\"wp-block-media-text__media\"><a href=\"https:\/\/emojiscavengerhunt.withgoogle.com\/\" target=\"_blank\" rel=\"noopener\"><img fetchpriority=\"high\" decoding=\"async\" width=\"1024\" height=\"538\" src=\"https:\/\/iedelsilencio.edu.co\/start\/wp-content\/uploads\/2022\/07\/Emoji-Scavenger-Hunt-1024x538.jpg\" alt=\"\" class=\"wp-image-1127 size-full\" srcset=\"https:\/\/iedelsilencio.edu.co\/start\/wp-content\/uploads\/2022\/07\/Emoji-Scavenger-Hunt-1024x538.jpg 1024w, https:\/\/iedelsilencio.edu.co\/start\/wp-content\/uploads\/2022\/07\/Emoji-Scavenger-Hunt-300x158.jpg 300w, https:\/\/iedelsilencio.edu.co\/start\/wp-content\/uploads\/2022\/07\/Emoji-Scavenger-Hunt-768x403.jpg 768w, https:\/\/iedelsilencio.edu.co\/start\/wp-content\/uploads\/2022\/07\/Emoji-Scavenger-Hunt.jpg 1200w\" sizes=\"(max-width: 1024px) 100vw, 1024px\" \/><\/a><\/figure><div class=\"wp-block-media-text__content\">\n<p class=\"\\&quot;has-text-align-left\\&quot;\"><br>Uno de los mejores juegos para pasar un buen rato en familia. Prepara tu celular o tableta y comienza. Localiza el objeto que se ve como emoji en la pantalla de tu m\u00f3vil, ap\u00fanta el objeto con la c\u00e1mara, y una red neuronal de Inteligencia Artificial decidir\u00e1 si ganaste o no.<br><strong>\u00a1Compitan y Disfruten!<\/strong><\/p>\n<\/div><\/div>\n\n\n\n<div style=\"height:100px\" aria-hidden=\"true\" class=\"wp-block-spacer \\&quot;wp-block-spacer\\&quot;\"><\/div>\n\n\n\n<hr class=\"wp-block-separator has-alpha-channel-opacity \\&quot;wp-block-separator\"\/>\n\n\n\n<p class=\"has-text-align-center\">\u2728\u2728\u2728<br><em>Pronto encontrar\u00e1s contenido actualizado<\/em><\/p>\n","protected":false},"excerpt":{"rendered":"<p>La escuela tambi\u00e9n convoca a las familias para capacitarlas y formarlas, enriqueciendo las relaciones en el hogar para que la educaci\u00f3n integral de los estudiantes se haga evidente d\u00eda a d\u00eda. Aqu\u00ed encontrar\u00e1s formas de compartir, disfrutar y aprender en familia. Emoji Scavenger Hunt Uno de los mejores juegos para pasar un buen rato en [&hellip;]<\/p>\n","protected":false},"author":1,"featured_media":1087,"parent":0,"menu_order":0,"comment_status":"closed","ping_status":"closed","template":"","meta":{"_genesis_hide_title":false,"_genesis_hide_breadcrumbs":false,"_genesis_hide_singular_image":false,"_genesis_hide_footer_widgets":false,"_genesis_custom_body_class":"","_genesis_custom_post_class":"","_genesis_layout":"","footnotes":""},"class_list":{"0":"post-51","1":"page","2":"type-page","3":"status-publish","4":"has-post-thumbnail","6":"entry"},"_links":{"self":[{"href":"https:\/\/iedelsilencio.edu.co\/start\/wp-json\/wp\/v2\/pages\/51","targetHints":{"allow":["GET"]}}],"collection":[{"href":"https:\/\/iedelsilencio.edu.co\/start\/wp-json\/wp\/v2\/pages"}],"about":[{"href":"https:\/\/iedelsilencio.edu.co\/start\/wp-json\/wp\/v2\/types\/page"}],"author":[{"embeddable":true,"href":"https:\/\/iedelsilencio.edu.co\/start\/wp-json\/wp\/v2\/users\/1"}],"replies":[{"embeddable":true,"href":"https:\/\/iedelsilencio.edu.co\/start\/wp-json\/wp\/v2\/comments?post=51"}],"version-history":[{"count":11,"href":"https:\/\/iedelsilencio.edu.co\/start\/wp-json\/wp\/v2\/pages\/51\/revisions"}],"predecessor-version":[{"id":1325,"href":"https:\/\/iedelsilencio.edu.co\/start\/wp-json\/wp\/v2\/pages\/51\/revisions\/1325"}],"wp:featuredmedia":[{"embeddable":true,"href":"https:\/\/iedelsilencio.edu.co\/start\/wp-json\/wp\/v2\/media\/1087"}],"wp:attachment":[{"href":"https:\/\/iedelsilencio.edu.co\/start\/wp-json\/wp\/v2\/media?parent=51"}],"curies":[{"name":"wp","href":"https:\/\/api.w.org\/{rel}","templated":true}]}}