{"id":68,"date":"2020-12-08T18:03:20","date_gmt":"2020-12-08T18:03:20","guid":{"rendered":"https:\/\/iedelsilencio.edu.co\/start\/estudiante-digital\/"},"modified":"2025-11-25T20:46:55","modified_gmt":"2025-11-26T01:46:55","slug":"estudiante-digital","status":"publish","type":"page","link":"https:\/\/iedelsilencio.edu.co\/start\/estudiante-digital\/","title":{"rendered":"Estudiante Digital"},"content":{"rendered":"\n<div style=\"height:100px\" aria-hidden=\"true\" class=\"wp-block-spacer \\&quot;wp-block-spacer\\&quot;\"><\/div>\n\n\n\n<h2 class=\"wp-block-heading\"><strong>Interland<\/strong> | S\u00e9 el mejor en internet<\/h2>\n\n\n\n<div class=\"wp-block-media-text alignwide is-stacked-on-mobile\"><figure class=\"wp-block-media-text__media\"><a href=\"https:\/\/beinternetawesome.withgoogle.com\/es-419_all\/interland\" target=\"_blank\" rel=\"noreferrer noopener\"><img fetchpriority=\"high\" decoding=\"async\" width=\"800\" height=\"532\" src=\"https:\/\/iedelsilencio.edu.co\/start\/wp-content\/uploads\/2021\/01\/juego-google-interland.jpg\" alt=\"\" class=\"wp-image-175 size-full\" srcset=\"https:\/\/iedelsilencio.edu.co\/start\/wp-content\/uploads\/2021\/01\/juego-google-interland.jpg 800w, https:\/\/iedelsilencio.edu.co\/start\/wp-content\/uploads\/2021\/01\/juego-google-interland-300x200.jpg 300w, https:\/\/iedelsilencio.edu.co\/start\/wp-content\/uploads\/2021\/01\/juego-google-interland-768x511.jpg 768w\" sizes=\"(max-width: 800px) 100vw, 800px\" \/><\/a><\/figure><div class=\"wp-block-media-text__content\">\n<h4 class=\"wp-block-heading\"><strong>Aprende a<\/strong> <strong><a rel=\"noreferrer noopener\" href=\"https:\/\/beinternetawesome.withgoogle.com\/es-419_all\/interland\" target=\"_blank\">Explorar<\/a> en internet de manera segura y con confianza<\/strong>.<\/h4>\n<\/div><\/div>\n\n\n\n<hr class=\"wp-block-separator has-alpha-channel-opacity \\&quot;wp-block-separator\"\/>\n\n\n\n<div style=\"height:100px\" aria-hidden=\"true\" class=\"wp-block-spacer \\&quot;wp-block-spacer\\&quot;\"><\/div>\n\n\n\n<h2 class=\"wp-block-heading\"><strong>\u00bfC\u00f3mo dice que dijo? <\/strong>| Retos ortogr\u00e1ficos<\/h2>\n\n\n\n<div class=\"wp-block-media-text alignwide is-stacked-on-mobile\"><figure class=\"wp-block-media-text__media\"><a href=\"https:\/\/www.comodicequedijo.com\/juegos\/?ref=cta-homepage\" target=\"_blank\" rel=\"noreferrer noopener\"><img decoding=\"async\" width=\"1024\" height=\"538\" src=\"https:\/\/iedelsilencio.edu.co\/start\/wp-content\/uploads\/2022\/07\/Como-dice-que-dijo-1024x538.png\" alt=\"\" class=\"wp-image-1080 size-full\" srcset=\"https:\/\/iedelsilencio.edu.co\/start\/wp-content\/uploads\/2022\/07\/Como-dice-que-dijo-1024x538.png 1024w, https:\/\/iedelsilencio.edu.co\/start\/wp-content\/uploads\/2022\/07\/Como-dice-que-dijo-300x158.png 300w, https:\/\/iedelsilencio.edu.co\/start\/wp-content\/uploads\/2022\/07\/Como-dice-que-dijo-768x403.png 768w, https:\/\/iedelsilencio.edu.co\/start\/wp-content\/uploads\/2022\/07\/Como-dice-que-dijo.png 1200w\" sizes=\"(max-width: 1024px) 100vw, 1024px\" \/><\/a><\/figure><div class=\"wp-block-media-text__content\">\n<h4 class=\"wp-block-heading\"><strong>Mejora tu ortograf\u00eda jugando. Busca el <a rel=\"noreferrer noopener\" href=\"https:\/\/www.comodicequedijo.com\/\" target=\"_blank\">reto<\/a> m\u00e1s desafiante<\/strong>.<\/h4>\n<\/div><\/div>\n\n\n\n<hr class=\"wp-block-separator has-alpha-channel-opacity \\&quot;wp-block-separator\"\/>\n\n\n\n<div style=\"height:100px\" aria-hidden=\"true\" class=\"wp-block-spacer \\&quot;wp-block-spacer\\&quot;\"><\/div>\n\n\n\n<h2 class=\"wp-block-heading\"><strong>Quizizz <\/strong>| Estudiar jugando<\/h2>\n\n\n\n<div class=\"wp-block-media-text alignwide is-stacked-on-mobile\"><figure class=\"wp-block-media-text__media\"><a href=\"https:\/\/quizizz.com\/join\" target=\"_blank\" rel=\"noreferrer noopener\"><img decoding=\"async\" width=\"1024\" height=\"536\" src=\"https:\/\/iedelsilencio.edu.co\/start\/wp-content\/uploads\/2022\/07\/quizizz-social-1024x536.png\" alt=\"\" class=\"wp-image-1084 size-full\" srcset=\"https:\/\/iedelsilencio.edu.co\/start\/wp-content\/uploads\/2022\/07\/quizizz-social-1024x536.png 1024w, https:\/\/iedelsilencio.edu.co\/start\/wp-content\/uploads\/2022\/07\/quizizz-social-300x157.png 300w, https:\/\/iedelsilencio.edu.co\/start\/wp-content\/uploads\/2022\/07\/quizizz-social-768x402.png 768w, https:\/\/iedelsilencio.edu.co\/start\/wp-content\/uploads\/2022\/07\/quizizz-social.png 1200w\" sizes=\"(max-width: 1024px) 100vw, 1024px\" \/><\/a><\/figure><div class=\"wp-block-media-text__content\">\n<h4 class=\"wp-block-heading\"><strong><a rel=\"noreferrer noopener\" href=\"https:\/\/quizizz.com\/join\" target=\"_blank\">Busca un cuestionario<\/a> y divi\u00e9rtete estudiando cualquier tema de cualquier asignatura.<\/strong><\/h4>\n<\/div><\/div>\n","protected":false},"excerpt":{"rendered":"<p>Interland | S\u00e9 el mejor en internet Aprende a Explorar en internet de manera segura y con confianza. \u00bfC\u00f3mo dice que dijo? | Retos ortogr\u00e1ficos Mejora tu ortograf\u00eda jugando. Busca el reto m\u00e1s desafiante. Quizizz | Estudiar jugando Busca un cuestionario y divi\u00e9rtete estudiando cualquier tema de cualquier asignatura.<\/p>\n","protected":false},"author":1,"featured_media":1086,"parent":0,"menu_order":0,"comment_status":"closed","ping_status":"closed","template":"","meta":{"_genesis_hide_title":false,"_genesis_hide_breadcrumbs":false,"_genesis_hide_singular_image":false,"_genesis_hide_footer_widgets":false,"_genesis_custom_body_class":"","_genesis_custom_post_class":"","_genesis_layout":"","footnotes":""},"class_list":{"0":"post-68","1":"page","2":"type-page","3":"status-publish","4":"has-post-thumbnail","6":"entry"},"_links":{"self":[{"href":"https:\/\/iedelsilencio.edu.co\/start\/wp-json\/wp\/v2\/pages\/68","targetHints":{"allow":["GET"]}}],"collection":[{"href":"https:\/\/iedelsilencio.edu.co\/start\/wp-json\/wp\/v2\/pages"}],"about":[{"href":"https:\/\/iedelsilencio.edu.co\/start\/wp-json\/wp\/v2\/types\/page"}],"author":[{"embeddable":true,"href":"https:\/\/iedelsilencio.edu.co\/start\/wp-json\/wp\/v2\/users\/1"}],"replies":[{"embeddable":true,"href":"https:\/\/iedelsilencio.edu.co\/start\/wp-json\/wp\/v2\/comments?post=68"}],"version-history":[{"count":2,"href":"https:\/\/iedelsilencio.edu.co\/start\/wp-json\/wp\/v2\/pages\/68\/revisions"}],"predecessor-version":[{"id":1329,"href":"https:\/\/iedelsilencio.edu.co\/start\/wp-json\/wp\/v2\/pages\/68\/revisions\/1329"}],"wp:featuredmedia":[{"embeddable":true,"href":"https:\/\/iedelsilencio.edu.co\/start\/wp-json\/wp\/v2\/media\/1086"}],"wp:attachment":[{"href":"https:\/\/iedelsilencio.edu.co\/start\/wp-json\/wp\/v2\/media?parent=68"}],"curies":[{"name":"wp","href":"https:\/\/api.w.org\/{rel}","templated":true}]}}